{"id":28677,"date":"2021-12-12T23:03:12","date_gmt":"2021-12-12T23:03:12","guid":{"rendered":"https:\/\/www.ufuq.de\/impressum\/"},"modified":"2021-12-12T23:03:12","modified_gmt":"2021-12-12T23:03:12","slug":"impressum","status":"publish","type":"page","link":"https:\/\/www.ufuq.de\/en\/impressum\/","title":{"rendered":"Impressum"},"content":{"rendered":"<p>Ufuq e. V.<br \/>\nDudenstra\u00dfe 6<br \/>\n10965 Berlin<br \/>\nTel.: 030\/98 34 10 51<br \/>\n<a role=\"link\" href=\"mailto:info@ufuq.de\" target=\"_blank\" rel=\"noopener\">info@ufuq.de<\/a><br \/>\nVereinsregister Amtsgericht Berlin, VR 26356<br \/>\nUSt-IdNr. DE269012913<br \/>\nVertretungsberechtigte: Dr. G\u00f6tz Nordbruch und Dr. Jochen M\u00fcller<br \/>\nVerantwortlicher f\u00fcr redaktionelle Inhalte: Dr. G\u00f6tz Nordbruch<\/p>\n<h3>Nutzungsrechte<\/h3>\n<p>Alle Inhalte der Webseite sind urheberrechtlich gesch\u00fctzt. F\u00fcr die Verwertung der Inhalte sind im Vorfeld die Nutzungsrechte und Nutzungsarten mit ufuq.de zu kl\u00e4ren und vertraglich festzuhalten. Haftungshinweis: Mit Urteil vom 12. Mai 1998 hat das Landgericht Hamburg entschieden, dass man durch die Ausbringung eines Links die Inhalte der gelinkten Seite ggf. mit zu verantworten hat. Der Betreiber dieser Webseite distanziert sich ausdr\u00fccklich von den Inhalten externer Links. F\u00fcr den Inhalt externer Links sind ausschlie\u00dflich deren Betreiber verantwortlich. Trotz sorgf\u00e4ltiger inhaltlicher Kontrolle \u00fcbernimmt der Betreiber keinerlei Haftung f\u00fcr die Inhalte externer Links.<\/p>\n","protected":false},"excerpt":{"rendered":"<p>Ufuq e. V. Dudenstra\u00dfe 6 10965 Berlin Tel.: 030\/98 34 10 51 info@ufuq.de Vereinsregister Amtsgericht Berlin, VR 26356 USt-IdNr. DE269012913 Vertretungsberechtigte: Dr. G\u00f6tz Nordbruch und Dr. Jochen M\u00fcller Verantwortlicher f\u00fcr redaktionelle Inhalte: Dr. G\u00f6tz Nordbruch Nutzungsrechte Alle Inhalte der Webseite sind urheberrechtlich gesch\u00fctzt. F\u00fcr die Verwertung der Inhalte sind im Vorfeld die Nutzungsrechte und Nutzungsarten [&hellip;]<\/p>\n","protected":false},"author":1,"featured_media":0,"parent":0,"menu_order":0,"comment_status":"closed","ping_status":"closed","template":"page-templates\/tmpl-impressum.php","meta":{"_acf_changed":false,"inline_featured_image":false,"footnotes":""},"class_list":["post-28677","page","type-page","status-publish","hentry"],"acf":[],"yoast_head":"<!-- This site is optimized with the Yoast SEO plugin v27.3 - https:\/\/yoast.com\/product\/yoast-seo-wordpress\/ -->\n<title>Impressum &#8211; ufuq.de<\/title>\n<meta name=\"robots\" content=\"index, follow, max-snippet:-1, max-image-preview:large, max-video-preview:-1\" \/>\n<link rel=\"canonical\" href=\"https:\/\/www.ufuq.de\/en\/impressum\/\" \/>\n<meta property=\"og:locale\" content=\"en_US\" \/>\n<meta property=\"og:type\" content=\"article\" \/>\n<meta property=\"og:title\" content=\"Impressum &#8211; ufuq.de\" \/>\n<meta property=\"og:description\" content=\"Ufuq e. V. Dudenstra\u00dfe 6 10965 Berlin Tel.: 030\/98 34 10 51 info@ufuq.de Vereinsregister Amtsgericht Berlin, VR 26356 USt-IdNr. DE269012913 Vertretungsberechtigte: Dr. G\u00f6tz Nordbruch und Dr. Jochen M\u00fcller Verantwortlicher f\u00fcr redaktionelle Inhalte: Dr. G\u00f6tz Nordbruch Nutzungsrechte Alle Inhalte der Webseite sind urheberrechtlich gesch\u00fctzt. F\u00fcr die Verwertung der Inhalte sind im Vorfeld die Nutzungsrechte und Nutzungsarten [&hellip;]\" \/>\n<meta property=\"og:url\" content=\"https:\/\/www.ufuq.de\/en\/impressum\/\" \/>\n<meta property=\"og:site_name\" content=\"ufuq.de\" \/>\n<meta property=\"article:publisher\" content=\"https:\/\/www.facebook.com\/ufuq.de\" \/>\n<meta name=\"twitter:card\" content=\"summary_large_image\" \/>\n<meta name=\"twitter:site\" content=\"@ufuq_de\" \/>\n<meta name=\"twitter:label1\" content=\"Est. reading time\" \/>\n\t<meta name=\"twitter:data1\" content=\"1 minute\" \/>\n<script type=\"application\/ld+json\" class=\"yoast-schema-graph\">{\"@context\":\"https:\\\/\\\/schema.org\",\"@graph\":[{\"@type\":\"WebPage\",\"@id\":\"https:\\\/\\\/www.ufuq.de\\\/en\\\/impressum\\\/\",\"url\":\"https:\\\/\\\/www.ufuq.de\\\/en\\\/impressum\\\/\",\"name\":\"Impressum &#8211; ufuq.de\",\"isPartOf\":{\"@id\":\"https:\\\/\\\/www.ufuq.de\\\/#website\"},\"datePublished\":\"2021-12-12T23:03:12+00:00\",\"breadcrumb\":{\"@id\":\"https:\\\/\\\/www.ufuq.de\\\/en\\\/impressum\\\/#breadcrumb\"},\"inLanguage\":\"en-US\",\"potentialAction\":[{\"@type\":\"ReadAction\",\"target\":[\"https:\\\/\\\/www.ufuq.de\\\/en\\\/impressum\\\/\"]}]},{\"@type\":\"BreadcrumbList\",\"@id\":\"https:\\\/\\\/www.ufuq.de\\\/en\\\/impressum\\\/#breadcrumb\",\"itemListElement\":[{\"@type\":\"ListItem\",\"position\":1,\"name\":\"Startseite\",\"item\":\"https:\\\/\\\/www.ufuq.de\\\/en\\\/\"},{\"@type\":\"ListItem\",\"position\":2,\"name\":\"Impressum\"}]},{\"@type\":\"WebSite\",\"@id\":\"https:\\\/\\\/www.ufuq.de\\\/#website\",\"url\":\"https:\\\/\\\/www.ufuq.de\\\/\",\"name\":\"ufuq.de\",\"description\":\"Politische Bildung und Pr\u00e4vention von religi\u00f6s begr\u00fcndeter Radikalisierung\",\"publisher\":{\"@id\":\"https:\\\/\\\/www.ufuq.de\\\/#organization\"},\"potentialAction\":[{\"@type\":\"SearchAction\",\"target\":{\"@type\":\"EntryPoint\",\"urlTemplate\":\"https:\\\/\\\/www.ufuq.de\\\/?s={search_term_string}\"},\"query-input\":{\"@type\":\"PropertyValueSpecification\",\"valueRequired\":true,\"valueName\":\"search_term_string\"}}],\"inLanguage\":\"en-US\"},{\"@type\":\"Organization\",\"@id\":\"https:\\\/\\\/www.ufuq.de\\\/#organization\",\"name\":\"Ufuq e. V.\",\"url\":\"https:\\\/\\\/www.ufuq.de\\\/\",\"logo\":{\"@type\":\"ImageObject\",\"inLanguage\":\"en-US\",\"@id\":\"https:\\\/\\\/www.ufuq.de\\\/#\\\/schema\\\/logo\\\/image\\\/\",\"url\":\"https:\\\/\\\/www.ufuq.de\\\/wp-content\\\/uploads\\\/2022\\\/03\\\/ufuq-Logo-weiss-auf-Orange_solo567x567-1.png\",\"contentUrl\":\"https:\\\/\\\/www.ufuq.de\\\/wp-content\\\/uploads\\\/2022\\\/03\\\/ufuq-Logo-weiss-auf-Orange_solo567x567-1.png\",\"width\":567,\"height\":567,\"caption\":\"Ufuq e. V.\"},\"image\":{\"@id\":\"https:\\\/\\\/www.ufuq.de\\\/#\\\/schema\\\/logo\\\/image\\\/\"},\"sameAs\":[\"https:\\\/\\\/www.facebook.com\\\/ufuq.de\",\"https:\\\/\\\/x.com\\\/ufuq_de\",\"https:\\\/\\\/www.instagram.com\\\/ufuq.de\"]}]}<\/script>\n<!-- \/ Yoast SEO plugin. -->","yoast_head_json":{"title":"Impressum &#8211; ufuq.de","robots":{"index":"index","follow":"follow","max-snippet":"max-snippet:-1","max-image-preview":"max-image-preview:large","max-video-preview":"max-video-preview:-1"},"canonical":"https:\/\/www.ufuq.de\/en\/impressum\/","og_locale":"en_US","og_type":"article","og_title":"Impressum &#8211; ufuq.de","og_description":"Ufuq e. V. Dudenstra\u00dfe 6 10965 Berlin Tel.: 030\/98 34 10 51 info@ufuq.de Vereinsregister Amtsgericht Berlin, VR 26356 USt-IdNr. DE269012913 Vertretungsberechtigte: Dr. G\u00f6tz Nordbruch und Dr. Jochen M\u00fcller Verantwortlicher f\u00fcr redaktionelle Inhalte: Dr. G\u00f6tz Nordbruch Nutzungsrechte Alle Inhalte der Webseite sind urheberrechtlich gesch\u00fctzt. F\u00fcr die Verwertung der Inhalte sind im Vorfeld die Nutzungsrechte und Nutzungsarten [&hellip;]","og_url":"https:\/\/www.ufuq.de\/en\/impressum\/","og_site_name":"ufuq.de","article_publisher":"https:\/\/www.facebook.com\/ufuq.de","twitter_card":"summary_large_image","twitter_site":"@ufuq_de","twitter_misc":{"Est. reading time":"1 minute"},"schema":{"@context":"https:\/\/schema.org","@graph":[{"@type":"WebPage","@id":"https:\/\/www.ufuq.de\/en\/impressum\/","url":"https:\/\/www.ufuq.de\/en\/impressum\/","name":"Impressum &#8211; ufuq.de","isPartOf":{"@id":"https:\/\/www.ufuq.de\/#website"},"datePublished":"2021-12-12T23:03:12+00:00","breadcrumb":{"@id":"https:\/\/www.ufuq.de\/en\/impressum\/#breadcrumb"},"inLanguage":"en-US","potentialAction":[{"@type":"ReadAction","target":["https:\/\/www.ufuq.de\/en\/impressum\/"]}]},{"@type":"BreadcrumbList","@id":"https:\/\/www.ufuq.de\/en\/impressum\/#breadcrumb","itemListElement":[{"@type":"ListItem","position":1,"name":"Startseite","item":"https:\/\/www.ufuq.de\/en\/"},{"@type":"ListItem","position":2,"name":"Impressum"}]},{"@type":"WebSite","@id":"https:\/\/www.ufuq.de\/#website","url":"https:\/\/www.ufuq.de\/","name":"ufuq.de","description":"Politische Bildung und Pr\u00e4vention von religi\u00f6s begr\u00fcndeter Radikalisierung","publisher":{"@id":"https:\/\/www.ufuq.de\/#organization"},"potentialAction":[{"@type":"SearchAction","target":{"@type":"EntryPoint","urlTemplate":"https:\/\/www.ufuq.de\/?s={search_term_string}"},"query-input":{"@type":"PropertyValueSpecification","valueRequired":true,"valueName":"search_term_string"}}],"inLanguage":"en-US"},{"@type":"Organization","@id":"https:\/\/www.ufuq.de\/#organization","name":"Ufuq e. V.","url":"https:\/\/www.ufuq.de\/","logo":{"@type":"ImageObject","inLanguage":"en-US","@id":"https:\/\/www.ufuq.de\/#\/schema\/logo\/image\/","url":"https:\/\/www.ufuq.de\/wp-content\/uploads\/2022\/03\/ufuq-Logo-weiss-auf-Orange_solo567x567-1.png","contentUrl":"https:\/\/www.ufuq.de\/wp-content\/uploads\/2022\/03\/ufuq-Logo-weiss-auf-Orange_solo567x567-1.png","width":567,"height":567,"caption":"Ufuq e. V."},"image":{"@id":"https:\/\/www.ufuq.de\/#\/schema\/logo\/image\/"},"sameAs":["https:\/\/www.facebook.com\/ufuq.de","https:\/\/x.com\/ufuq_de","https:\/\/www.instagram.com\/ufuq.de"]}]}},"_links":{"self":[{"href":"https:\/\/www.ufuq.de\/en\/wp-json\/wp\/v2\/pages\/28677","targetHints":{"allow":["GET"]}}],"collection":[{"href":"https:\/\/www.ufuq.de\/en\/wp-json\/wp\/v2\/pages"}],"about":[{"href":"https:\/\/www.ufuq.de\/en\/wp-json\/wp\/v2\/types\/page"}],"author":[{"embeddable":true,"href":"https:\/\/www.ufuq.de\/en\/wp-json\/wp\/v2\/users\/1"}],"replies":[{"embeddable":true,"href":"https:\/\/www.ufuq.de\/en\/wp-json\/wp\/v2\/comments?post=28677"}],"version-history":[{"count":0,"href":"https:\/\/www.ufuq.de\/en\/wp-json\/wp\/v2\/pages\/28677\/revisions"}],"wp:attachment":[{"href":"https:\/\/www.ufuq.de\/en\/wp-json\/wp\/v2\/media?parent=28677"}],"curies":[{"name":"wp","href":"https:\/\/api.w.org\/{rel}","templated":true}]}}