{"id":27850,"date":"2022-03-21T08:49:03","date_gmt":"2022-03-21T08:49:03","guid":{"rendered":"https:\/\/ufuq.de\/?page_id=27850"},"modified":"2022-05-27T13:45:03","modified_gmt":"2022-05-27T12:45:03","slug":"ufuq-de","status":"publish","type":"page","link":"https:\/\/www.ufuq.de\/en\/ufuq-de\/","title":{"rendered":"ufuq.de"},"content":{"rendered":"<p><img loading=\"lazy\" decoding=\"async\" class=\"alignnone wp-image-27856 size-large\" src=\"https:\/\/ufuq.de\/wp-content\/uploads\/2022\/03\/ufuq-pPoster-1024x425.png\" alt=\"\" width=\"1024\" height=\"425\" srcset=\"https:\/\/www.ufuq.de\/wp-content\/uploads\/2022\/03\/ufuq-pPoster-1024x425.png 1024w, https:\/\/www.ufuq.de\/wp-content\/uploads\/2022\/03\/ufuq-pPoster-300x124.png 300w, https:\/\/www.ufuq.de\/wp-content\/uploads\/2022\/03\/ufuq-pPoster-768x319.png 768w, https:\/\/www.ufuq.de\/wp-content\/uploads\/2022\/03\/ufuq-pPoster-1536x637.png 1536w, https:\/\/www.ufuq.de\/wp-content\/uploads\/2022\/03\/ufuq-pPoster-2048x849.png 2048w\" sizes=\"auto, (max-width: 1024px) 100vw, 1024px\" \/><\/p>\n<p>ufuq.de strives to develop alternatives to the heated debates about Islam, \u201cparallel societies\u201d and radicalisation, and to promote pluralism and social cohesion. Our work involves civic education, prevention, and scholarly research.<\/p>\n<h3>Islam is a part of Germany<\/h3>\n<p>Questions and conflicts related to cultural and religious diversity are a normal feature of modern pluralistic societies. Our aim is to strengthen educators to address these questions and to empower youngsters in their dealings with cultural and religious differences. Our association\u2019s name says it all:\u00a0<em>ufuq<\/em>\u00a0is Arabic for \u201chorizon\u201d.<\/p>\n<p>As social scientists, scholars of Islam, and educators, we work with young people as well as school faculties, youth work professionals, social workers affiliated with municipal administrations, and other information disseminators. We inform, advise, and develop materials for hands-on educational work with young people of various ethnic and religious backgrounds. Moreover, we offer training programmes for educators that can help them address the topics of Islam, racism,\u00a0and radicalisation\u00a0in classroom settings.<\/p>\n<h3>Much of our work is focused on youth cultural phenomena and trends.<\/h3>\n<p>\u201cHow do we want to live?\u201d This is one of the central questions we examine, for we are interested in young people\u2019s\u00a0<em>Lebenswelten<\/em>\u00a0and how these relate to religion, identity, racism,\u00a0and religious extremism. What are the interests and desires of young Muslims today? How do they see themselves and others? What are their experiences and how do they live out their faith, assuming that this is even important to them?<\/p>\n<p>One objective of our working together with young people is empowering them to speak out on questions concerning their identity and religion. We want to provide them with the space in which they can not only formulate their own interests, wishes, and orientations, but also learn to deal with those who embrace different views. This entails making visible the diverse ways Muslims think and live. After all, only those who can think for themselves and are aware of the broad spectrum of Islamic traditions can draw on alternatives that can enable them to resist the highly ideologised positions that young people often face. But it is also important that we take discrimination and racism seriously. The sense of frustration and helplessness that Muslims feel when confronted with discrimination and marginalisation must be addressed; we must envision courses of action that individuals can take.<\/p>\n<h3>We believe that civic education\u00a0with\u00a0youngsters from various religious and social backgrounds contributes towards\u00a0a democratic and pluralistic society and\u00a0serves as a preventive measure\u00a0against extremism.<\/h3>\n<p>ufuq.de also raises awareness of anti-democratic views and views that threaten individual freedoms. It does so by educating young minds about alternatives to the simplistic world views peddled by religious extremism \u2013 views that are aimed at giving young lives meaning and providing young people with a sense of direction. Our efforts serve to encourage young people to resist these simplistic world views and orientations; we wish to support young people from diverse backgrounds in their struggle to find their way in society.<\/p>\n<p>This also includes working with non-Muslim youngsters and educators. After all, prevention work against racism and radicalisation presupposes a willingness among non-Muslims to acknowledge demographic change, the migrant backgrounds of young people, and the normality of Muslim life in contemporary Germany. Experiences with everyday racism and discrimination in the educational sector or in the job market as well as racist reporting in the media \u2013 all of these influence young Muslims\u2019 self-image, something which makes it more difficult for them to identify with society.<\/p>\n<h3>We serve as a point of contact for educational institutions, public authorities, academia, and politics.<\/h3>\n<p>Since its founding in 2007, ufuq.de has established itself as a nationwide point of contact for hands-on educational work focusing on the topics of Islam, racism, and Islamism in Germany. Our association is a recognized provider\u00a0of youth services and, since February of 2015, it has been supported by the Ministry for Family Affairs, Senior Citizens, Women and Youth as a part of its\u00a0<a role=\"link\" href=\"https:\/\/www.demokratie-leben.de\/\">\u201cDemokratie leben!\u201d<\/a>\u00a0programme. ufuq.de\u2019s objective is to further pedagogical practice and to enrich the expertise \u2013 our contribution towards co-existence in a democratic society. We employ tools such as counselling and training programmes, diverse project work on- and offline, expertise, and experience as well as the extensive informational and educational materials compiled by ufuq.de.<\/p>\n<p>This website serves as a platform for educational work relating to Islam, racism, and radicalisation. We shine a spotlight on current topics that are of interest to young people regardless of whether they come from a migrant background. We also offer suggestions for hands-on educational work and provide background information on Muslim life in Germany.<\/p>\n","protected":false},"excerpt":{"rendered":"<p>ufuq.de strives to develop alternatives to the heated debates about Islam, \u201cparallel societies\u201d and radicalisation, and to promote pluralism and social cohesion. Our work involves civic education, prevention, and scholarly research. Islam is a part of Germany Questions and conflicts related to cultural and religious diversity are a normal feature of modern pluralistic societies. Our [&hellip;]<\/p>\n","protected":false},"author":5,"featured_media":0,"parent":0,"menu_order":0,"comment_status":"closed","ping_status":"closed","template":"","meta":{"_acf_changed":false,"inline_featured_image":false,"footnotes":""},"class_list":["post-27850","page","type-page","status-publish","hentry"],"acf":[],"yoast_head":"<!-- This site is optimized with the Yoast SEO plugin v27.3 - https:\/\/yoast.com\/product\/yoast-seo-wordpress\/ -->\n<title>ufuq.de &#8211; ufuq.de<\/title>\n<meta name=\"robots\" content=\"index, follow, max-snippet:-1, max-image-preview:large, max-video-preview:-1\" \/>\n<link rel=\"canonical\" href=\"https:\/\/www.ufuq.de\/en\/ufuq-de\/\" \/>\n<meta property=\"og:locale\" content=\"en_US\" \/>\n<meta property=\"og:type\" content=\"article\" \/>\n<meta property=\"og:title\" content=\"ufuq.de &#8211; ufuq.de\" \/>\n<meta property=\"og:description\" content=\"ufuq.de strives to develop alternatives to the heated debates about Islam, \u201cparallel societies\u201d and radicalisation, and to promote pluralism and social cohesion. Our work involves civic education, prevention, and scholarly research. Islam is a part of Germany Questions and conflicts related to cultural and religious diversity are a normal feature of modern pluralistic societies. Our [&hellip;]\" \/>\n<meta property=\"og:url\" content=\"https:\/\/www.ufuq.de\/en\/ufuq-de\/\" \/>\n<meta property=\"og:site_name\" content=\"ufuq.de\" \/>\n<meta property=\"article:publisher\" content=\"https:\/\/www.facebook.com\/ufuq.de\" \/>\n<meta property=\"article:modified_time\" content=\"2022-05-27T12:45:03+00:00\" \/>\n<meta property=\"og:image\" content=\"https:\/\/ufuq.de\/wp-content\/uploads\/2022\/03\/ufuq-pPoster-1024x425.png\" \/>\n<meta name=\"twitter:card\" content=\"summary_large_image\" \/>\n<meta name=\"twitter:site\" content=\"@ufuq_de\" \/>\n<meta name=\"twitter:label1\" content=\"Est. reading time\" \/>\n\t<meta name=\"twitter:data1\" content=\"4 minutes\" \/>\n<script type=\"application\/ld+json\" class=\"yoast-schema-graph\">{\"@context\":\"https:\\\/\\\/schema.org\",\"@graph\":[{\"@type\":\"WebPage\",\"@id\":\"https:\\\/\\\/www.ufuq.de\\\/en\\\/ufuq-de\\\/\",\"url\":\"https:\\\/\\\/www.ufuq.de\\\/en\\\/ufuq-de\\\/\",\"name\":\"ufuq.de &#8211; ufuq.de\",\"isPartOf\":{\"@id\":\"https:\\\/\\\/www.ufuq.de\\\/#website\"},\"primaryImageOfPage\":{\"@id\":\"https:\\\/\\\/www.ufuq.de\\\/en\\\/ufuq-de\\\/#primaryimage\"},\"image\":{\"@id\":\"https:\\\/\\\/www.ufuq.de\\\/en\\\/ufuq-de\\\/#primaryimage\"},\"thumbnailUrl\":\"https:\\\/\\\/ufuq.de\\\/wp-content\\\/uploads\\\/2022\\\/03\\\/ufuq-pPoster-1024x425.png\",\"datePublished\":\"2022-03-21T08:49:03+00:00\",\"dateModified\":\"2022-05-27T12:45:03+00:00\",\"breadcrumb\":{\"@id\":\"https:\\\/\\\/www.ufuq.de\\\/en\\\/ufuq-de\\\/#breadcrumb\"},\"inLanguage\":\"en-US\",\"potentialAction\":[{\"@type\":\"ReadAction\",\"target\":[\"https:\\\/\\\/www.ufuq.de\\\/en\\\/ufuq-de\\\/\"]}]},{\"@type\":\"ImageObject\",\"inLanguage\":\"en-US\",\"@id\":\"https:\\\/\\\/www.ufuq.de\\\/en\\\/ufuq-de\\\/#primaryimage\",\"url\":\"https:\\\/\\\/ufuq.de\\\/wp-content\\\/uploads\\\/2022\\\/03\\\/ufuq-pPoster-1024x425.png\",\"contentUrl\":\"https:\\\/\\\/ufuq.de\\\/wp-content\\\/uploads\\\/2022\\\/03\\\/ufuq-pPoster-1024x425.png\"},{\"@type\":\"BreadcrumbList\",\"@id\":\"https:\\\/\\\/www.ufuq.de\\\/en\\\/ufuq-de\\\/#breadcrumb\",\"itemListElement\":[{\"@type\":\"ListItem\",\"position\":1,\"name\":\"Startseite\",\"item\":\"https:\\\/\\\/www.ufuq.de\\\/en\\\/\"},{\"@type\":\"ListItem\",\"position\":2,\"name\":\"ufuq.de\"}]},{\"@type\":\"WebSite\",\"@id\":\"https:\\\/\\\/www.ufuq.de\\\/#website\",\"url\":\"https:\\\/\\\/www.ufuq.de\\\/\",\"name\":\"ufuq.de\",\"description\":\"Politische Bildung und Pr\u00e4vention von religi\u00f6s begr\u00fcndeter Radikalisierung\",\"publisher\":{\"@id\":\"https:\\\/\\\/www.ufuq.de\\\/#organization\"},\"potentialAction\":[{\"@type\":\"SearchAction\",\"target\":{\"@type\":\"EntryPoint\",\"urlTemplate\":\"https:\\\/\\\/www.ufuq.de\\\/?s={search_term_string}\"},\"query-input\":{\"@type\":\"PropertyValueSpecification\",\"valueRequired\":true,\"valueName\":\"search_term_string\"}}],\"inLanguage\":\"en-US\"},{\"@type\":\"Organization\",\"@id\":\"https:\\\/\\\/www.ufuq.de\\\/#organization\",\"name\":\"Ufuq e. V.\",\"url\":\"https:\\\/\\\/www.ufuq.de\\\/\",\"logo\":{\"@type\":\"ImageObject\",\"inLanguage\":\"en-US\",\"@id\":\"https:\\\/\\\/www.ufuq.de\\\/#\\\/schema\\\/logo\\\/image\\\/\",\"url\":\"https:\\\/\\\/www.ufuq.de\\\/wp-content\\\/uploads\\\/2022\\\/03\\\/ufuq-Logo-weiss-auf-Orange_solo567x567-1.png\",\"contentUrl\":\"https:\\\/\\\/www.ufuq.de\\\/wp-content\\\/uploads\\\/2022\\\/03\\\/ufuq-Logo-weiss-auf-Orange_solo567x567-1.png\",\"width\":567,\"height\":567,\"caption\":\"Ufuq e. V.\"},\"image\":{\"@id\":\"https:\\\/\\\/www.ufuq.de\\\/#\\\/schema\\\/logo\\\/image\\\/\"},\"sameAs\":[\"https:\\\/\\\/www.facebook.com\\\/ufuq.de\",\"https:\\\/\\\/x.com\\\/ufuq_de\",\"https:\\\/\\\/www.instagram.com\\\/ufuq.de\"]}]}<\/script>\n<!-- \/ Yoast SEO plugin. -->","yoast_head_json":{"title":"ufuq.de &#8211; ufuq.de","robots":{"index":"index","follow":"follow","max-snippet":"max-snippet:-1","max-image-preview":"max-image-preview:large","max-video-preview":"max-video-preview:-1"},"canonical":"https:\/\/www.ufuq.de\/en\/ufuq-de\/","og_locale":"en_US","og_type":"article","og_title":"ufuq.de &#8211; ufuq.de","og_description":"ufuq.de strives to develop alternatives to the heated debates about Islam, \u201cparallel societies\u201d and radicalisation, and to promote pluralism and social cohesion. Our work involves civic education, prevention, and scholarly research. Islam is a part of Germany Questions and conflicts related to cultural and religious diversity are a normal feature of modern pluralistic societies. Our [&hellip;]","og_url":"https:\/\/www.ufuq.de\/en\/ufuq-de\/","og_site_name":"ufuq.de","article_publisher":"https:\/\/www.facebook.com\/ufuq.de","article_modified_time":"2022-05-27T12:45:03+00:00","og_image":[{"url":"https:\/\/ufuq.de\/wp-content\/uploads\/2022\/03\/ufuq-pPoster-1024x425.png","type":"","width":"","height":""}],"twitter_card":"summary_large_image","twitter_site":"@ufuq_de","twitter_misc":{"Est. reading time":"4 minutes"},"schema":{"@context":"https:\/\/schema.org","@graph":[{"@type":"WebPage","@id":"https:\/\/www.ufuq.de\/en\/ufuq-de\/","url":"https:\/\/www.ufuq.de\/en\/ufuq-de\/","name":"ufuq.de &#8211; ufuq.de","isPartOf":{"@id":"https:\/\/www.ufuq.de\/#website"},"primaryImageOfPage":{"@id":"https:\/\/www.ufuq.de\/en\/ufuq-de\/#primaryimage"},"image":{"@id":"https:\/\/www.ufuq.de\/en\/ufuq-de\/#primaryimage"},"thumbnailUrl":"https:\/\/ufuq.de\/wp-content\/uploads\/2022\/03\/ufuq-pPoster-1024x425.png","datePublished":"2022-03-21T08:49:03+00:00","dateModified":"2022-05-27T12:45:03+00:00","breadcrumb":{"@id":"https:\/\/www.ufuq.de\/en\/ufuq-de\/#breadcrumb"},"inLanguage":"en-US","potentialAction":[{"@type":"ReadAction","target":["https:\/\/www.ufuq.de\/en\/ufuq-de\/"]}]},{"@type":"ImageObject","inLanguage":"en-US","@id":"https:\/\/www.ufuq.de\/en\/ufuq-de\/#primaryimage","url":"https:\/\/ufuq.de\/wp-content\/uploads\/2022\/03\/ufuq-pPoster-1024x425.png","contentUrl":"https:\/\/ufuq.de\/wp-content\/uploads\/2022\/03\/ufuq-pPoster-1024x425.png"},{"@type":"BreadcrumbList","@id":"https:\/\/www.ufuq.de\/en\/ufuq-de\/#breadcrumb","itemListElement":[{"@type":"ListItem","position":1,"name":"Startseite","item":"https:\/\/www.ufuq.de\/en\/"},{"@type":"ListItem","position":2,"name":"ufuq.de"}]},{"@type":"WebSite","@id":"https:\/\/www.ufuq.de\/#website","url":"https:\/\/www.ufuq.de\/","name":"ufuq.de","description":"Politische Bildung und Pr\u00e4vention von religi\u00f6s begr\u00fcndeter Radikalisierung","publisher":{"@id":"https:\/\/www.ufuq.de\/#organization"},"potentialAction":[{"@type":"SearchAction","target":{"@type":"EntryPoint","urlTemplate":"https:\/\/www.ufuq.de\/?s={search_term_string}"},"query-input":{"@type":"PropertyValueSpecification","valueRequired":true,"valueName":"search_term_string"}}],"inLanguage":"en-US"},{"@type":"Organization","@id":"https:\/\/www.ufuq.de\/#organization","name":"Ufuq e. V.","url":"https:\/\/www.ufuq.de\/","logo":{"@type":"ImageObject","inLanguage":"en-US","@id":"https:\/\/www.ufuq.de\/#\/schema\/logo\/image\/","url":"https:\/\/www.ufuq.de\/wp-content\/uploads\/2022\/03\/ufuq-Logo-weiss-auf-Orange_solo567x567-1.png","contentUrl":"https:\/\/www.ufuq.de\/wp-content\/uploads\/2022\/03\/ufuq-Logo-weiss-auf-Orange_solo567x567-1.png","width":567,"height":567,"caption":"Ufuq e. V."},"image":{"@id":"https:\/\/www.ufuq.de\/#\/schema\/logo\/image\/"},"sameAs":["https:\/\/www.facebook.com\/ufuq.de","https:\/\/x.com\/ufuq_de","https:\/\/www.instagram.com\/ufuq.de"]}]}},"_links":{"self":[{"href":"https:\/\/www.ufuq.de\/en\/wp-json\/wp\/v2\/pages\/27850","targetHints":{"allow":["GET"]}}],"collection":[{"href":"https:\/\/www.ufuq.de\/en\/wp-json\/wp\/v2\/pages"}],"about":[{"href":"https:\/\/www.ufuq.de\/en\/wp-json\/wp\/v2\/types\/page"}],"author":[{"embeddable":true,"href":"https:\/\/www.ufuq.de\/en\/wp-json\/wp\/v2\/users\/5"}],"replies":[{"embeddable":true,"href":"https:\/\/www.ufuq.de\/en\/wp-json\/wp\/v2\/comments?post=27850"}],"version-history":[{"count":5,"href":"https:\/\/www.ufuq.de\/en\/wp-json\/wp\/v2\/pages\/27850\/revisions"}],"predecessor-version":[{"id":29474,"href":"https:\/\/www.ufuq.de\/en\/wp-json\/wp\/v2\/pages\/27850\/revisions\/29474"}],"wp:attachment":[{"href":"https:\/\/www.ufuq.de\/en\/wp-json\/wp\/v2\/media?parent=27850"}],"curies":[{"name":"wp","href":"https:\/\/api.w.org\/{rel}","templated":true}]}}